{"id":2242,"date":"2021-08-27T16:41:19","date_gmt":"2021-08-27T16:41:19","guid":{"rendered":"https:\/\/www.tahsinisinegitimfonu.com\/?page_id=2242"},"modified":"2021-10-19T06:12:14","modified_gmt":"2021-10-19T06:12:14","slug":"anasayfa","status":"publish","type":"page","link":"https:\/\/www.tahsinisinegitimfonu.com\/","title":{"rendered":"Anasayfa"},"content":{"rendered":"\t\t<div data-elementor-type=\"wp-page\" data-elementor-id=\"2242\" class=\"elementor elementor-2242\" data-elementor-settings=\"[]\">\n\t\t\t\t\t\t\t<div class=\"elementor-section-wrap\">\n\t\t\t\t\t\t\t<section class=\"elementor-section elementor-top-section elementor-element elementor-element-cf5fc0b elementor-section-content-middle elementor-section-boxed elementor-section-height-default elementor-section-height-default\" data-id=\"cf5fc0b\" data-element_type=\"section\" data-settings=\"{&quot;background_background&quot;:&quot;classic&quot;}\">\n\t\t\t\t\t\t<div class=\"elementor-container elementor-column-gap-wider\">\n\t\t\t\t\t<div class=\"elementor-column elementor-col-50 elementor-top-column elementor-element elementor-element-3d3f24d\" data-id=\"3d3f24d\" data-element_type=\"column\">\n\t\t\t<div class=\"elementor-widget-wrap elementor-element-populated\">\n\t\t\t\t\t\t\t\t<div class=\"elementor-element elementor-element-0c5bf20 elementor-widget elementor-widget-heading\" data-id=\"0c5bf20\" data-element_type=\"widget\" data-widget_type=\"heading.default\">\n\t\t\t\t<div class=\"elementor-widget-container\">\n\t\t\t<h1 class=\"elementor-heading-title elementor-size-default\">Tahsin Is\u0131n\nE\u011fitim Fonu<\/h1>\t\t<\/div>\n\t\t\t\t<\/div>\n\t\t\t\t<div class=\"elementor-element elementor-element-649bb54 elementor-widget elementor-widget-spacer\" data-id=\"649bb54\" data-element_type=\"widget\" data-widget_type=\"spacer.default\">\n\t\t\t\t<div class=\"elementor-widget-container\">\n\t\t\t\t\t<div class=\"elementor-spacer\">\n\t\t\t<div class=\"elementor-spacer-inner\"><\/div>\n\t\t<\/div>\n\t\t\t\t<\/div>\n\t\t\t\t<\/div>\n\t\t\t\t<div class=\"elementor-element elementor-element-6b62a39 elementor-widget elementor-widget-text-editor\" data-id=\"6b62a39\" data-element_type=\"widget\" data-widget_type=\"text-editor.default\">\n\t\t\t\t<div class=\"elementor-widget-container\">\n\t\t\t\t\t\t\t<p>Bu e\u011fitim fonu, iyzico Kurucu Orta\u011f\u0131 Tahsin Is\u0131n an\u0131s\u0131na her y\u0131l m\u00fchendislik fak\u00fcltesinde e\u011fitim g\u00f6ren 20 k\u0131z \u00f6\u011frencinin desteklenmesi amac\u0131yla olu\u015fturulmu\u015ftur.<\/p>\t\t\t\t\t\t<\/div>\n\t\t\t\t<\/div>\n\t\t\t\t<div class=\"elementor-element elementor-element-99c04db elementor-mobile-align-left elementor-widget elementor-widget-button\" data-id=\"99c04db\" data-element_type=\"widget\" data-widget_type=\"button.default\">\n\t\t\t\t<div class=\"elementor-widget-container\">\n\t\t\t\t\t<div class=\"elementor-button-wrapper\">\n\t\t\t<a href=\"https:\/\/bagis.tev.org.tr\/burs-fonu-bagisi?q=58122&#038;k=63177\" target=\"_blank\" class=\"elementor-button-link elementor-button elementor-size-sm\" role=\"button\">\n\t\t\t\t\t\t<span class=\"elementor-button-content-wrapper\">\n\t\t\t\t\t\t<span class=\"elementor-button-text\">Detaylar<\/span>\n\t\t<\/span>\n\t\t\t\t\t<\/a>\n\t\t<\/div>\n\t\t\t\t<\/div>\n\t\t\t\t<\/div>\n\t\t\t\t\t<\/div>\n\t\t<\/div>\n\t\t\t\t<div class=\"elementor-column elementor-col-50 elementor-top-column elementor-element elementor-element-37b24b8\" data-id=\"37b24b8\" data-element_type=\"column\">\n\t\t\t<div class=\"elementor-widget-wrap elementor-element-populated\">\n\t\t\t\t\t\t\t\t<div class=\"elementor-element elementor-element-e5b885d elementor-widget elementor-widget-image-carousel\" data-id=\"e5b885d\" data-element_type=\"widget\" data-settings=\"{&quot;slides_to_show&quot;:&quot;1&quot;,&quot;navigation&quot;:&quot;none&quot;,&quot;autoplay_speed&quot;:3000,&quot;effect&quot;:&quot;fade&quot;,&quot;speed&quot;:2000,&quot;autoplay&quot;:&quot;yes&quot;,&quot;pause_on_hover&quot;:&quot;yes&quot;,&quot;pause_on_interaction&quot;:&quot;yes&quot;,&quot;infinite&quot;:&quot;yes&quot;}\" data-widget_type=\"image-carousel.default\">\n\t\t\t\t<div class=\"elementor-widget-container\">\n\t\t\t\t\t<div class=\"elementor-image-carousel-wrapper swiper-container\" dir=\"ltr\">\n\t\t\t<div class=\"elementor-image-carousel swiper-wrapper\">\n\t\t\t\t\t\t\t\t<div class=\"swiper-slide\"><figure class=\"swiper-slide-inner\"><img decoding=\"async\" class=\"swiper-slide-image\" src=\"https:\/\/www.tahsinisinegitimfonu.com\/wp-content\/uploads\/2021\/08\/tahsin-isin-475x475.png\" alt=\"tahsin-isin\" \/><\/figure><\/div><div class=\"swiper-slide\"><figure class=\"swiper-slide-inner\"><img decoding=\"async\" class=\"swiper-slide-image\" src=\"https:\/\/www.tahsinisinegitimfonu.com\/wp-content\/uploads\/2021\/09\/Bitmap-1.png\" alt=\"Bitmap (1)\" \/><\/figure><\/div><div class=\"swiper-slide\"><figure class=\"swiper-slide-inner\"><img decoding=\"async\" class=\"swiper-slide-image\" src=\"https:\/\/www.tahsinisinegitimfonu.com\/wp-content\/uploads\/2021\/09\/image-0001-475x475.png\" alt=\"image-0001\" \/><\/figure><\/div><div class=\"swiper-slide\"><figure class=\"swiper-slide-inner\"><img decoding=\"async\" class=\"swiper-slide-image\" src=\"https:\/\/www.tahsinisinegitimfonu.com\/wp-content\/uploads\/2021\/09\/Lyzico-155-475x475.jpeg\" alt=\"Lyzico (155)\" \/><\/figure><\/div>\t\t\t<\/div>\n\t\t\t\t\t\t\t\t\t\t\t\t\t\t\t\t<\/div>\n\t\t\t\t<\/div>\n\t\t\t\t<\/div>\n\t\t\t\t\t<\/div>\n\t\t<\/div>\n\t\t\t\t\t\t\t<\/div>\n\t\t<\/section>\n\t\t\t\t<section class=\"elementor-section elementor-top-section elementor-element elementor-element-bbafa1e elementor-section-height-min-height elementor-section-boxed elementor-section-height-default elementor-section-items-middle\" data-id=\"bbafa1e\" data-element_type=\"section\">\n\t\t\t\t\t\t<div class=\"elementor-container elementor-column-gap-default\">\n\t\t\t\t\t<div class=\"elementor-column elementor-col-100 elementor-top-column elementor-element elementor-element-d47478e\" data-id=\"d47478e\" data-element_type=\"column\">\n\t\t\t<div class=\"elementor-widget-wrap elementor-element-populated\">\n\t\t\t\t\t\t\t\t<div class=\"elementor-element elementor-element-bdb7a59 elementor-align-left elementor-widget elementor-widget-anno-advance-headings\" data-id=\"bdb7a59\" data-element_type=\"widget\" data-widget_type=\"anno-advance-headings.default\">\n\t\t\t\t<div class=\"elementor-widget-container\">\n\t\t\t<div id =\"bdb7a59\" class=\"anno-advance-heading\">  <div class=\"anno-sub-heading\"><div class=\"anno-sub-heading-content\">Tahsin Is\u0131n Hakk\u0131nda<\/div><div class=\"line anno-button-icon-align-right\"><\/div><\/div>  <h2 class=\"anno-heading-tag\"><\/h2> <\/div>\t\t<\/div>\n\t\t\t\t<\/div>\n\t\t\t\t<div class=\"elementor-element elementor-element-942d1fa elementor-widget elementor-widget-text-editor\" data-id=\"942d1fa\" data-element_type=\"widget\" data-widget_type=\"text-editor.default\">\n\t\t\t\t<div class=\"elementor-widget-container\">\n\t\t\t\t\t\t\t<p>2004 y\u0131l\u0131nda K\u00f6ln \u00dcniversitesinde Bilgisayar M\u00fchendisli\u011fi b\u00f6l\u00fcm\u00fcnden mezun olan Is\u0131n, sonras\u0131nda Deutsche Telekom taraf\u0131ndan sat\u0131n al\u0131nan ClickandBuy \u015firketinde Teknik Dan\u0131\u015fman ve Direkt\u00f6r olarak 5 y\u0131l \u00e7al\u0131\u015ft\u0131. Bu g\u00f6revinde Skype, Yahoo, Microsoft ve Nintendo ba\u015fta olmak \u00fczere \u00e7ok say\u0131da \u00f6deme projesinde rol ald\u0131. Daha sonra e-ticaret pazar\u0131na y\u00f6nelik geli\u015ftirme ve entegrasyon \u00e7\u00f6z\u00fcmleri sunan Payintelligent \u015firketini kurdu. T\u00fcm kariyeri boyunca \u00f6deme hizmetleri sistemleri alan\u0131nda farkl\u0131 g\u00f6revler y\u00fcr\u00fcten Tahsin, Nisan 2013 y\u0131l\u0131nda orta\u011f\u0131 Barbaros \u00d6zbu\u011futu ile beraber online \u00f6deme hizmetleri \u015firketi iyzico\u2019yu kurdu. Ba\u015far\u0131larla dolu i\u015f hayat\u0131n\u0131n yan\u0131 s\u0131ra sevgi dolu bir e\u015f ve \u015fefkatli bir baba olan Tahsin, sonsuza dek kalplerimizde ya\u015famaya devam edecek.<\/p>\t\t\t\t\t\t<\/div>\n\t\t\t\t<\/div>\n\t\t\t\t\t<\/div>\n\t\t<\/div>\n\t\t\t\t\t\t\t<\/div>\n\t\t<\/section>\n\t\t\t\t<section class=\"elementor-section elementor-top-section elementor-element elementor-element-8b45f05 elementor-section-height-min-height elementor-section-boxed elementor-section-height-default elementor-section-items-middle\" data-id=\"8b45f05\" data-element_type=\"section\" data-settings=\"{&quot;background_background&quot;:&quot;classic&quot;}\">\n\t\t\t\t\t\t<div class=\"elementor-container elementor-column-gap-default\">\n\t\t\t\t\t<div class=\"elementor-column elementor-col-100 elementor-top-column elementor-element elementor-element-d5dde59\" data-id=\"d5dde59\" data-element_type=\"column\">\n\t\t\t<div class=\"elementor-widget-wrap elementor-element-populated\">\n\t\t\t\t\t\t\t\t<div class=\"elementor-element elementor-element-b68c47d elementor-widget-divider--view-line elementor-widget elementor-widget-divider\" data-id=\"b68c47d\" data-element_type=\"widget\" data-widget_type=\"divider.default\">\n\t\t\t\t<div class=\"elementor-widget-container\">\n\t\t\t\t\t<div class=\"elementor-divider\">\n\t\t\t<span class=\"elementor-divider-separator\">\n\t\t\t\t\t\t<\/span>\n\t\t<\/div>\n\t\t\t\t<\/div>\n\t\t\t\t<\/div>\n\t\t\t\t<div class=\"elementor-element elementor-element-b69613a elementor-widget elementor-widget-text-editor\" data-id=\"b69613a\" data-element_type=\"widget\" data-widget_type=\"text-editor.default\">\n\t\t\t\t<div class=\"elementor-widget-container\">\n\t\t\t\t\t\t\t<p>Bu e\u011fitim fonu, hayat\u0131 boyunca k\u0131z \u00f6\u011frencilerin e\u011fitiminin \u00fclkesine sa\u011flayaca\u011f\u0131 katk\u0131ya g\u00f6n\u00fclden inanan iyzico Kurucu Orta\u011f\u0131 Tahsin Is\u0131n an\u0131s\u0131na olu\u015fturulmu\u015ftur. Her y\u0131l m\u00fchendislik fak\u00fcltesinde e\u011fitim g\u00f6ren 20 k\u0131z \u00f6\u011frenci, bu e\u011fitim fonu kapsam\u0131nda desteklenmektedir. Daha fazla \u00f6grencinin desteklenmesi i\u00e7in siz de katk\u0131da bulunmak isterseniz TEV websitesini\u00a0<span style=\"color: #f5325c;\"><span style=\"text-decoration: underline;\"><a style=\"color: #f5325c;\" href=\"https:\/\/bagis.tev.org.tr\/burs-fonu-bagisi?q=58122&amp;k=63177\" target=\"_blank\" rel=\"noopener\">buradan<\/a><\/span>\u00a0<\/span>ziyaret edebilirsiniz.<\/p>\t\t\t\t\t\t<\/div>\n\t\t\t\t<\/div>\n\t\t\t\t\t<\/div>\n\t\t<\/div>\n\t\t\t\t\t\t\t<\/div>\n\t\t<\/section>\n\t\t\t\t<section class=\"elementor-section elementor-top-section elementor-element elementor-element-f1c43de elementor-section-height-min-height elementor-section-boxed elementor-section-height-default elementor-section-items-middle\" data-id=\"f1c43de\" data-element_type=\"section\" data-settings=\"{&quot;background_background&quot;:&quot;classic&quot;}\">\n\t\t\t\t\t\t\t<div class=\"elementor-background-overlay\"><\/div>\n\t\t\t\t\t\t\t<div class=\"elementor-container elementor-column-gap-default\">\n\t\t\t\t\t<div class=\"elementor-column elementor-col-100 elementor-top-column elementor-element elementor-element-36d454e\" data-id=\"36d454e\" data-element_type=\"column\">\n\t\t\t<div class=\"elementor-widget-wrap elementor-element-populated\">\n\t\t\t\t\t\t\t\t<div class=\"elementor-element elementor-element-28c811d elementor-widget elementor-widget-heading\" data-id=\"28c811d\" data-element_type=\"widget\" data-widget_type=\"heading.default\">\n\t\t\t\t<div class=\"elementor-widget-container\">\n\t\t\t<h2 class=\"elementor-heading-title elementor-size-default\">Gelece\u011fin m\u00fchendislerine Tahsin Is\u0131n an\u0131s\u0131na destek ol.<\/h2>\t\t<\/div>\n\t\t\t\t<\/div>\n\t\t\t\t<div class=\"elementor-element elementor-element-38bd444 elementor-align-center elementor-widget elementor-widget-button\" data-id=\"38bd444\" data-element_type=\"widget\" data-widget_type=\"button.default\">\n\t\t\t\t<div class=\"elementor-widget-container\">\n\t\t\t\t\t<div class=\"elementor-button-wrapper\">\n\t\t\t<a href=\"https:\/\/bagis.tev.org.tr\/burs-fonu-bagisi?q=58122&#038;k=63177\" target=\"_blank\" class=\"elementor-button-link elementor-button elementor-size-sm\" role=\"button\">\n\t\t\t\t\t\t<span class=\"elementor-button-content-wrapper\">\n\t\t\t\t\t\t<span class=\"elementor-button-text\">Detaylar<\/span>\n\t\t<\/span>\n\t\t\t\t\t<\/a>\n\t\t<\/div>\n\t\t\t\t<\/div>\n\t\t\t\t<\/div>\n\t\t\t\t\t<\/div>\n\t\t<\/div>\n\t\t\t\t\t\t\t<\/div>\n\t\t<\/section>\n\t\t\t\t\t\t<\/div>\n\t\t\t\t\t<\/div>\n\t\t","protected":false},"excerpt":{"rendered":"<p>Tahsin Is\u0131n E\u011fitim Fonu Bu e\u011fitim fonu, iyzico Kurucu Orta\u011f\u0131 Tahsin Is\u0131n an\u0131s\u0131na her y\u0131l m\u00fchendislik fak\u00fcltesinde e\u011fitim g\u00f6ren 20 k\u0131z \u00f6\u011frencinin desteklenmesi amac\u0131yla olu\u015fturulmu\u015ftur. Detaylar Tahsin Is\u0131n Hakk\u0131nda 2004 y\u0131l\u0131nda K\u00f6ln \u00dcniversitesinde Bilgisayar M\u00fchendisli\u011fi b\u00f6l\u00fcm\u00fcnden mezun olan Is\u0131n, sonras\u0131nda Deutsche Telekom taraf\u0131ndan sat\u0131n al\u0131nan ClickandBuy \u015firketinde Teknik Dan\u0131\u015fman ve Direkt\u00f6r olarak 5 y\u0131l \u00e7al\u0131\u015ft\u0131. [&hellip;]<\/p>\n","protected":false},"author":1,"featured_media":0,"parent":0,"menu_order":0,"comment_status":"closed","ping_status":"closed","template":"","meta":{"footnotes":""},"class_list":["post-2242","page","type-page","status-publish","hentry"],"_links":{"self":[{"href":"https:\/\/www.tahsinisinegitimfonu.com\/index.php\/wp-json\/wp\/v2\/pages\/2242","targetHints":{"allow":["GET"]}}],"collection":[{"href":"https:\/\/www.tahsinisinegitimfonu.com\/index.php\/wp-json\/wp\/v2\/pages"}],"about":[{"href":"https:\/\/www.tahsinisinegitimfonu.com\/index.php\/wp-json\/wp\/v2\/types\/page"}],"author":[{"embeddable":true,"href":"https:\/\/www.tahsinisinegitimfonu.com\/index.php\/wp-json\/wp\/v2\/users\/1"}],"replies":[{"embeddable":true,"href":"https:\/\/www.tahsinisinegitimfonu.com\/index.php\/wp-json\/wp\/v2\/comments?post=2242"}],"version-history":[{"count":181,"href":"https:\/\/www.tahsinisinegitimfonu.com\/index.php\/wp-json\/wp\/v2\/pages\/2242\/revisions"}],"predecessor-version":[{"id":2454,"href":"https:\/\/www.tahsinisinegitimfonu.com\/index.php\/wp-json\/wp\/v2\/pages\/2242\/revisions\/2454"}],"wp:attachment":[{"href":"https:\/\/www.tahsinisinegitimfonu.com\/index.php\/wp-json\/wp\/v2\/media?parent=2242"}],"curies":[{"name":"wp","href":"https:\/\/api.w.org\/{rel}","templated":true}]}}